{"id":303,"date":"2023-09-18T10:16:57","date_gmt":"2023-09-18T08:16:57","guid":{"rendered":"https:\/\/mescomptes.be\/?page_id=303"},"modified":"2023-09-22T09:44:03","modified_gmt":"2023-09-22T07:44:03","slug":"smartphone-les-applications","status":"publish","type":"page","link":"https:\/\/mescomptes.be\/index.php\/smartphone-les-applications\/","title":{"rendered":"Smartphone &#8211; Les applications"},"content":{"rendered":"\n<ul>\n<li>Se connecter au wifi.<\/li>\n\n\n\n<li>Google traduction (mode saisie de texte, mode conversation, mode photo).<\/li>\n\n\n\n<li><a href=\"http:\/\/mescomptes.be\/wp-content\/uploads\/2023\/09\/Fiche_resume_Utiliser-les-applications-mobiles_Francais.pdf\" data-type=\"link\" data-id=\"http:\/\/mescomptes.be\/wp-content\/uploads\/2023\/09\/Fiche_resume_Utiliser-les-applications-mobiles_Francais.pdf\">Installer une application<\/a>.<\/li>\n\n\n\n<li>Envoyer un sms en le programmant.<\/li>\n\n\n\n<li>Parler pour \u00e9crire un texte dans un message.<\/li>\n\n\n\n<li>D\u00e9couverte des ic\u00f4nes du GSM (utiliser enregistrement de l\u2019\u00e9cran).<\/li>\n\n\n\n<li>Pourquoi lier son GSM \u00e0 un compte Gmail&nbsp;?<\/li>\n\n\n\n<li>Sauvegarder les donn\u00e9es de son GSM gr\u00e2ce \u00e0 son compte GMAIL.<\/li>\n\n\n\n<li>Historique Google de ses recherches et trajets.<\/li>\n\n\n\n<li>Le Drive et la suite bureautique dans GMAIL.<\/li>\n\n\n\n<li>Maps \u2013 Comment retrouver sa voiture.<\/li>\n\n\n\n<li>Waze. Avantages par rapport \u00e0 Maps.<\/li>\n\n\n\n<li>Retouch \u2013 Photoroom.<\/li>\n\n\n\n<li>L\u2019agenda du GSM.<\/li>\n\n\n\n<li>Google, reconna\u00eetre une chanson.<\/li>\n\n\n\n<li>Rejeter les appels en num\u00e9ro masqu\u00e9.<\/li>\n\n\n\n<li>Les vacances&nbsp;: Rbnb, Booking<\/li>\n\n\n\n<li>Les widgets.<\/li>\n\n\n\n<li>QR code.<\/li>\n\n\n\n<li>MyShopi.<\/li>\n\n\n\n<li>Lens pour scanner des documents.<\/li>\n\n\n\n<li>Its me.<\/li>\n\n\n\n<li>Connecter un clavier sur son gsm pour avoir un traitement de texte sur l\u2019\u00e9cran de sa TV.<\/li>\n\n\n\n<li>Skyscanner.<\/li>\n\n\n\n<li>Mypension.<\/li>\n\n\n\n<li>Lookout antivirus pour gsm.<\/li>\n\n\n\n<li>Skyscanner<\/li>\n\n\n\n<li>Edwige<\/li>\n\n\n\n<li>Annonces&nbsp;: 2\u00e8memain, Immoweb<\/li>\n\n\n\n<li>Ventes en ligne&nbsp;: Amazon, Vinted<\/li>\n\n\n\n<li>Programme pour reconna\u00eetre des fleurs<\/li>\n<\/ul>\n","protected":false},"excerpt":{"rendered":"","protected":false},"author":1,"featured_media":0,"parent":0,"menu_order":0,"comment_status":"closed","ping_status":"closed","template":"","meta":{"footnotes":""},"_links":{"self":[{"href":"https:\/\/mescomptes.be\/index.php\/wp-json\/wp\/v2\/pages\/303"}],"collection":[{"href":"https:\/\/mescomptes.be\/index.php\/wp-json\/wp\/v2\/pages"}],"about":[{"href":"https:\/\/mescomptes.be\/index.php\/wp-json\/wp\/v2\/types\/page"}],"author":[{"embeddable":true,"href":"https:\/\/mescomptes.be\/index.php\/wp-json\/wp\/v2\/users\/1"}],"replies":[{"embeddable":true,"href":"https:\/\/mescomptes.be\/index.php\/wp-json\/wp\/v2\/comments?post=303"}],"version-history":[{"count":2,"href":"https:\/\/mescomptes.be\/index.php\/wp-json\/wp\/v2\/pages\/303\/revisions"}],"predecessor-version":[{"id":321,"href":"https:\/\/mescomptes.be\/index.php\/wp-json\/wp\/v2\/pages\/303\/revisions\/321"}],"wp:attachment":[{"href":"https:\/\/mescomptes.be\/index.php\/wp-json\/wp\/v2\/media?parent=303"}],"curies":[{"name":"wp","href":"https:\/\/api.w.org\/{rel}","templated":true}]}}